{"id":39116,"date":"2022-08-15T04:14:00","date_gmt":"2022-08-15T02:14:00","guid":{"rendered":"https:\/\/wpbingosite.com\/wordpress\/furnive\/?post_type=product&#038;p=39116"},"modified":"2023-08-22T11:52:21","modified_gmt":"2023-08-22T09:52:21","slug":"bed-p1b","status":"publish","type":"product","link":"https:\/\/springbed.de\/en\/product\/bed-p1b\/","title":{"rendered":"BED P1B"},"content":{"rendered":"\t\t<div data-elementor-type=\"wp-post\" data-elementor-id=\"39116\" class=\"elementor elementor-39116\">\n\t\t\t\t\t\t<section class=\"elementor-section elementor-top-section elementor-element elementor-element-7052dde elementor-section-boxed elementor-section-height-default elementor-section-height-default\" data-id=\"7052dde\" data-element_type=\"section\">\n\t\t\t\t\t\t<div class=\"elementor-container elementor-column-gap-default\">\n\t\t\t\t\t<div class=\"elementor-column elementor-col-100 elementor-top-column elementor-element elementor-element-44eae3a\" data-id=\"44eae3a\" data-element_type=\"column\">\n\t\t\t<div class=\"elementor-widget-wrap elementor-element-populated\">\n\t\t\t\t\t\t<div class=\"elementor-element elementor-element-dc0032d elementor-button-info elementor-align-center elementor-widget elementor-widget-button\" data-id=\"dc0032d\" data-element_type=\"widget\" data-widget_type=\"button.default\">\n\t\t\t\t<div class=\"elementor-widget-container\">\n\t\t\t\t\t\t\t\t\t<div class=\"elementor-button-wrapper\">\n\t\t\t\t\t<a class=\"elementor-button elementor-button-link elementor-size-lg\" href=\"https:\/\/springbed.de\/en\/contact\/\">\n\t\t\t\t\t\t<span class=\"elementor-button-content-wrapper\">\n\t\t\t\t\t\t\t\t\t<span class=\"elementor-button-text\">I am interested in more information<\/span>\n\t\t\t\t\t<\/span>\n\t\t\t\t\t<\/a>\n\t\t\t\t<\/div>\n\t\t\t\t\t\t\t\t<\/div>\n\t\t\t\t<\/div>\n\t\t\t\t\t<\/div>\n\t\t<\/div>\n\t\t\t\t\t<\/div>\n\t\t<\/section>\n\t\t\t\t<\/div>\n\t\t","protected":false},"excerpt":{"rendered":"<p><strong>Base with Bonnell springs<\/strong><\/p>\n<p>Base with Bonnell springs. Total height about 25cm. Possibility of wheels or legs 4pcs. In case of larger base dimensions it is necessary to fit 6 pcs. Height 10cm. The cover can be removed for easier cleaning. The core consists of Bonnell springs that act as shock absorber to your movements, reducing pressure on your body and allowing air to circulate.<\/p>\n<p><strong>Core<br \/>\n<\/strong>BONNELL steel springs, 111 pcs\/m\u00b2, covered with a felt lining to increase hardness. Core covered with PUR foam 22 kg\/m\u00b3, foam layers 5 cm thick.<\/p>\n<p><strong>Cover<br \/>\n<\/strong>Cover according to the sample. Alternatively, it can be coated with another material of your choice.<\/p>\n<p>L\u016f\u017eka jsou opat\u0159ena pod matracemi speci\u00e1ln\u00ed protiskluzovou l\u00e1tkou.<\/p>\n<p><strong>\u00a0<\/strong><\/p>\n<p><strong>Basic dimensions in cm<\/strong><\/p>\n<ul>\n<li>80&#215;200<\/li>\n<li>90&#215;200<\/li>\n<li>100&#215;200<\/li>\n<li>120&#215;200<\/li>\n<li>140&#215;200<\/li>\n<\/ul>\n","protected":false},"featured_media":42883,"template":"","meta":[],"product_brand":[],"product_cat":[56],"product_tag":[],"class_list":{"0":"post-39116","1":"product","2":"type-product","3":"status-publish","4":"has-post-thumbnail","6":"product_cat-beds","9":"first","10":"instock","11":"shipping-taxable","12":"product-type-simple"},"_links":{"self":[{"href":"https:\/\/springbed.de\/en\/wp-json\/wp\/v2\/product\/39116","targetHints":{"allow":["GET"]}}],"collection":[{"href":"https:\/\/springbed.de\/en\/wp-json\/wp\/v2\/product"}],"about":[{"href":"https:\/\/springbed.de\/en\/wp-json\/wp\/v2\/types\/product"}],"version-history":[{"count":13,"href":"https:\/\/springbed.de\/en\/wp-json\/wp\/v2\/product\/39116\/revisions"}],"predecessor-version":[{"id":42886,"href":"https:\/\/springbed.de\/en\/wp-json\/wp\/v2\/product\/39116\/revisions\/42886"}],"wp:featuredmedia":[{"embeddable":true,"href":"https:\/\/springbed.de\/en\/wp-json\/wp\/v2\/media\/42883"}],"wp:attachment":[{"href":"https:\/\/springbed.de\/en\/wp-json\/wp\/v2\/media?parent=39116"}],"wp:term":[{"taxonomy":"product_brand","embeddable":true,"href":"https:\/\/springbed.de\/en\/wp-json\/wp\/v2\/product_brand?post=39116"},{"taxonomy":"product_cat","embeddable":true,"href":"https:\/\/springbed.de\/en\/wp-json\/wp\/v2\/product_cat?post=39116"},{"taxonomy":"product_tag","embeddable":true,"href":"https:\/\/springbed.de\/en\/wp-json\/wp\/v2\/product_tag?post=39116"}],"curies":[{"name":"wp","href":"https:\/\/api.w.org\/{rel}","templated":true}]}}